{"id":57899,"date":"2025-01-21T12:41:14","date_gmt":"2025-01-21T11:41:14","guid":{"rendered":"https:\/\/radime.it\/radime\/product\/longines-legend-diver-no-date-nos-ref-l3-674-4-56-3-2\/"},"modified":"2026-04-17T14:52:11","modified_gmt":"2026-04-17T12:52:11","slug":"longines-legend-diver-no-date-ref-l3-674-4-56-3","status":"publish","type":"product","link":"https:\/\/radime.it\/radime\/product\/longines-legend-diver-no-date-ref-l3-674-4-56-3\/","title":{"rendered":"Longines<\/br> Legend Diver NO DATE <\/br> Ref. L3.674.4.56.3"},"content":{"rendered":"<p>Longines Legend Diver versione No Data con cassa in acciaio da 42 mm, Vetro zaffiro con trattamento anti-riflesso su entrambi i lati. Splendido quadrante nero con indici e numeri arabi di color crema effetto vintage. Ghiera interna per il calcolo dei tempi d&#8217;immersione regolabile dalla corona a vite posta a ore 2, mentre la corona d carica a vite \u00e8 posta a ore 4.<br \/>\nCinturino nero con impunture chiare specifico per questo modello, fibbia in acciaio originale Longines.<br \/>\nMovimento carica automatica calibro Longines L633 di derivazione Eta 2824\/2 con riserva di carica di 38 ore impermeabile a 300 metri. Il fondello a vite presenta in bassorilievo l\u2019immagine di un sub in immersione, il nome del modello e la metratura di impermeabilit\u00e0 che \u00e8 addirittura di 300 metri!<br \/>\nIl Legend Diver\u2019s, letteralmente \u201cLeggenda del subacqueo\u201d, orologio mitico della Longines nella met\u00e0 del secolo scorso.<br \/>\nLa storica prima versione nasce nel 1960, ed a quasi 50 anni la casa di St.Imier ripresenta a catalogo questo orologio la cui estetica e le cui caratteristiche tecniche sono ancora pi\u00f9 attuali.<br \/>\nLinea sobria e dall&#8217;aspetto robusto, il Legend Diver si presenta con quella che ancora ai nostri giorni risulta una chicca di tecnica ed intelligenza, ovvero, la ghiera interna per il calcolo dei tempi di immersione pilotata da una corona a vite dedicata.<br \/>\nQuesto accorgimento, assolvere in modo indiscutibilmente sicuro la funzione di pro-memoria dei tempi di immersione.<br \/>\nQuesto \u00e8 il modello senza datario, il pi\u00f9 bello, il pi\u00f9 richiesto, il legittimo erede dello storico modello del 1960.<br \/>\nOrologio NUOVO mai indossato, perfetto in ogni sua parte, naturalmente mai mai lucidato.<br \/>\nCompleto di grande scatola Longines personalizzata per questo modello, Book dedicato, istruzioni e garanzia originale ufficiale Longines di concessionario Italiano non datata.<br \/>\nOrologio di rara reperibilit\u00e0 nella prima riedizione NO DATA, orologio NUOVO mai indossato, per intenditori e collezionisti, in continua rivalutazione, da investimento. Da molto tempo fuori produzione.<br \/>\nEuro 2599<\/p>\n<p>SPEDIAMO IN TUTTO IL MONDO CON CORRIERE TOTALMENTE ASSICURATO.<br \/>\nACCETTIAMO SOLAMENTE PAGAMENTO SUL NOSTRO CONTO CORRENTE BANCARIO.<br \/>\nLE SPESE DI SPEDIZIONE NON SONO INCLUSE NEL PREZZO DELL&#8217;OROLOGIO.<\/p>\n<p>WE SHIP WORLDWIDE WITH COURIER IN FULLY INSURED.<br \/>\nWE ACCEPT ONLY PAYMENT ON OUR BANK ACCOUNT.<br \/>\nSHIPPING COSTS ARE NOT INCLUDED IN THE PRICE OF WATCH.<\/p>\n<p>CONTATTACI \/ CONTACT US<br \/>\nwww.radime.it<br \/>\ninfo@radime.it<\/p>\n","protected":false},"excerpt":{"rendered":"<p>Longines Legend Diver versione No Data con cassa in acciaio da 42 mm, Vetro zaffiro con trattamento anti-riflesso su entrambi i lati. Splendido quadrante nero con indici e numeri arabi di color crema effetto vintage. Ghiera interna per il calcolo dei tempi d&#8217;immersione regolabile dalla corona a vite posta a ore 2, mentre la corona [&hellip;]<\/p>\n","protected":false},"featured_media":57460,"template":"","meta":[],"yoast_head":"<!-- This site is optimized with the Yoast SEO plugin v17.5 - https:\/\/yoast.com\/wordpress\/plugins\/seo\/ -->\n<title>Longines Legend Diver NO DATE  Ref. L3.674.4.56.3 - Ra.Di.Me. Orologi di Prestigio di Raffaele di Meola Treviso<\/title>\n<meta name=\"robots\" content=\"index, follow, max-snippet:-1, max-image-preview:large, max-video-preview:-1\" \/>\n<link rel=\"canonical\" href=\"https:\/\/radime.it\/radime\/product\/longines-legend-diver-no-date-ref-l3-674-4-56-3\/\" \/>\n<meta property=\"og:locale\" content=\"it_IT\" \/>\n<meta property=\"og:type\" content=\"article\" \/>\n<meta property=\"og:title\" content=\"Longines Legend Diver NO DATE  Ref. L3.674.4.56.3 - Ra.Di.Me. Orologi di Prestigio di Raffaele di Meola Treviso\" \/>\n<meta property=\"og:description\" content=\"Longines Legend Diver versione No Data con cassa in acciaio da 42 mm, Vetro zaffiro con trattamento anti-riflesso su entrambi i lati. Splendido quadrante nero con indici e numeri arabi di color crema effetto vintage. Ghiera interna per il calcolo dei tempi d&#8217;immersione regolabile dalla corona a vite posta a ore 2, mentre la corona [&hellip;]\" \/>\n<meta property=\"og:url\" content=\"https:\/\/radime.it\/radime\/product\/longines-legend-diver-no-date-ref-l3-674-4-56-3\/\" \/>\n<meta property=\"og:site_name\" content=\"Ra.Di.Me. Orologi di Prestigio di Raffaele di Meola Treviso\" \/>\n<meta property=\"article:modified_time\" content=\"2026-04-17T12:52:11+00:00\" \/>\n<meta property=\"og:image\" content=\"https:\/\/radime.it\/radime\/wp-content\/uploads\/2022\/03\/IMG_4287-scaled.jpg\" \/>\n\t<meta property=\"og:image:width\" content=\"1920\" \/>\n\t<meta property=\"og:image:height\" content=\"2560\" \/>\n<meta name=\"twitter:card\" content=\"summary_large_image\" \/>\n<meta name=\"twitter:label1\" content=\"Tempo di lettura stimato\" \/>\n\t<meta name=\"twitter:data1\" content=\"2 minuti\" \/>\n<script type=\"application\/ld+json\" class=\"yoast-schema-graph\">{\"@context\":\"https:\/\/schema.org\",\"@graph\":[{\"@type\":\"Organization\",\"@id\":\"https:\/\/radime.it\/radime\/#organization\",\"name\":\"Ra.Di.Me\",\"url\":\"https:\/\/radime.it\/radime\/\",\"sameAs\":[],\"logo\":{\"@type\":\"ImageObject\",\"@id\":\"https:\/\/radime.it\/radime\/#logo\",\"inLanguage\":\"it-IT\",\"url\":\"https:\/\/radime.it\/radime\/wp-content\/uploads\/2019\/06\/logo.png\",\"contentUrl\":\"https:\/\/radime.it\/radime\/wp-content\/uploads\/2019\/06\/logo.png\",\"width\":394,\"height\":345,\"caption\":\"Ra.Di.Me\"},\"image\":{\"@id\":\"https:\/\/radime.it\/radime\/#logo\"}},{\"@type\":\"WebSite\",\"@id\":\"https:\/\/radime.it\/radime\/#website\",\"url\":\"https:\/\/radime.it\/radime\/\",\"name\":\"Ra.Di.Me. Orologi di Prestigio di Raffaele di Meola Treviso\",\"description\":\"\",\"publisher\":{\"@id\":\"https:\/\/radime.it\/radime\/#organization\"},\"potentialAction\":[{\"@type\":\"SearchAction\",\"target\":{\"@type\":\"EntryPoint\",\"urlTemplate\":\"https:\/\/radime.it\/radime\/?s={search_term_string}\"},\"query-input\":\"required name=search_term_string\"}],\"inLanguage\":\"it-IT\"},{\"@type\":\"ImageObject\",\"@id\":\"https:\/\/radime.it\/radime\/product\/longines-legend-diver-no-date-ref-l3-674-4-56-3\/#primaryimage\",\"inLanguage\":\"it-IT\",\"url\":\"https:\/\/radime.it\/radime\/wp-content\/uploads\/2022\/03\/IMG_4287-scaled.jpg\",\"contentUrl\":\"https:\/\/radime.it\/radime\/wp-content\/uploads\/2022\/03\/IMG_4287-scaled.jpg\",\"width\":1920,\"height\":2560},{\"@type\":\"WebPage\",\"@id\":\"https:\/\/radime.it\/radime\/product\/longines-legend-diver-no-date-ref-l3-674-4-56-3\/#webpage\",\"url\":\"https:\/\/radime.it\/radime\/product\/longines-legend-diver-no-date-ref-l3-674-4-56-3\/\",\"name\":\"Longines Legend Diver NO DATE Ref. L3.674.4.56.3 - Ra.Di.Me. Orologi di Prestigio di Raffaele di Meola Treviso\",\"isPartOf\":{\"@id\":\"https:\/\/radime.it\/radime\/#website\"},\"primaryImageOfPage\":{\"@id\":\"https:\/\/radime.it\/radime\/product\/longines-legend-diver-no-date-ref-l3-674-4-56-3\/#primaryimage\"},\"datePublished\":\"2025-01-21T11:41:14+00:00\",\"dateModified\":\"2026-04-17T12:52:11+00:00\",\"breadcrumb\":{\"@id\":\"https:\/\/radime.it\/radime\/product\/longines-legend-diver-no-date-ref-l3-674-4-56-3\/#breadcrumb\"},\"inLanguage\":\"it-IT\",\"potentialAction\":[{\"@type\":\"ReadAction\",\"target\":[\"https:\/\/radime.it\/radime\/product\/longines-legend-diver-no-date-ref-l3-674-4-56-3\/\"]}]},{\"@type\":\"BreadcrumbList\",\"@id\":\"https:\/\/radime.it\/radime\/product\/longines-legend-diver-no-date-ref-l3-674-4-56-3\/#breadcrumb\",\"itemListElement\":[{\"@type\":\"ListItem\",\"position\":1,\"name\":\"Home\",\"item\":\"https:\/\/radime.it\/radime\/\"},{\"@type\":\"ListItem\",\"position\":2,\"name\":\"Orologi\",\"item\":\"https:\/\/radime.it\/radime\/orologi\/\"},{\"@type\":\"ListItem\",\"position\":3,\"name\":\"Longines Legend Diver NO DATE Ref. L3.674.4.56.3\"}]}]}<\/script>\n<!-- \/ Yoast SEO plugin. -->","yoast_head_json":{"title":"Longines Legend Diver NO DATE  Ref. L3.674.4.56.3 - Ra.Di.Me. Orologi di Prestigio di Raffaele di Meola Treviso","robots":{"index":"index","follow":"follow","max-snippet":"max-snippet:-1","max-image-preview":"max-image-preview:large","max-video-preview":"max-video-preview:-1"},"canonical":"https:\/\/radime.it\/radime\/product\/longines-legend-diver-no-date-ref-l3-674-4-56-3\/","og_locale":"it_IT","og_type":"article","og_title":"Longines Legend Diver NO DATE  Ref. L3.674.4.56.3 - Ra.Di.Me. Orologi di Prestigio di Raffaele di Meola Treviso","og_description":"Longines Legend Diver versione No Data con cassa in acciaio da 42 mm, Vetro zaffiro con trattamento anti-riflesso su entrambi i lati. Splendido quadrante nero con indici e numeri arabi di color crema effetto vintage. Ghiera interna per il calcolo dei tempi d&#8217;immersione regolabile dalla corona a vite posta a ore 2, mentre la corona [&hellip;]","og_url":"https:\/\/radime.it\/radime\/product\/longines-legend-diver-no-date-ref-l3-674-4-56-3\/","og_site_name":"Ra.Di.Me. Orologi di Prestigio di Raffaele di Meola Treviso","article_modified_time":"2026-04-17T12:52:11+00:00","og_image":[{"width":1920,"height":2560,"url":"https:\/\/radime.it\/radime\/wp-content\/uploads\/2022\/03\/IMG_4287-scaled.jpg","type":"image\/jpeg"}],"twitter_card":"summary_large_image","twitter_misc":{"Tempo di lettura stimato":"2 minuti"},"schema":{"@context":"https:\/\/schema.org","@graph":[{"@type":"Organization","@id":"https:\/\/radime.it\/radime\/#organization","name":"Ra.Di.Me","url":"https:\/\/radime.it\/radime\/","sameAs":[],"logo":{"@type":"ImageObject","@id":"https:\/\/radime.it\/radime\/#logo","inLanguage":"it-IT","url":"https:\/\/radime.it\/radime\/wp-content\/uploads\/2019\/06\/logo.png","contentUrl":"https:\/\/radime.it\/radime\/wp-content\/uploads\/2019\/06\/logo.png","width":394,"height":345,"caption":"Ra.Di.Me"},"image":{"@id":"https:\/\/radime.it\/radime\/#logo"}},{"@type":"WebSite","@id":"https:\/\/radime.it\/radime\/#website","url":"https:\/\/radime.it\/radime\/","name":"Ra.Di.Me. Orologi di Prestigio di Raffaele di Meola Treviso","description":"","publisher":{"@id":"https:\/\/radime.it\/radime\/#organization"},"potentialAction":[{"@type":"SearchAction","target":{"@type":"EntryPoint","urlTemplate":"https:\/\/radime.it\/radime\/?s={search_term_string}"},"query-input":"required name=search_term_string"}],"inLanguage":"it-IT"},{"@type":"ImageObject","@id":"https:\/\/radime.it\/radime\/product\/longines-legend-diver-no-date-ref-l3-674-4-56-3\/#primaryimage","inLanguage":"it-IT","url":"https:\/\/radime.it\/radime\/wp-content\/uploads\/2022\/03\/IMG_4287-scaled.jpg","contentUrl":"https:\/\/radime.it\/radime\/wp-content\/uploads\/2022\/03\/IMG_4287-scaled.jpg","width":1920,"height":2560},{"@type":"WebPage","@id":"https:\/\/radime.it\/radime\/product\/longines-legend-diver-no-date-ref-l3-674-4-56-3\/#webpage","url":"https:\/\/radime.it\/radime\/product\/longines-legend-diver-no-date-ref-l3-674-4-56-3\/","name":"Longines Legend Diver NO DATE Ref. L3.674.4.56.3 - Ra.Di.Me. Orologi di Prestigio di Raffaele di Meola Treviso","isPartOf":{"@id":"https:\/\/radime.it\/radime\/#website"},"primaryImageOfPage":{"@id":"https:\/\/radime.it\/radime\/product\/longines-legend-diver-no-date-ref-l3-674-4-56-3\/#primaryimage"},"datePublished":"2025-01-21T11:41:14+00:00","dateModified":"2026-04-17T12:52:11+00:00","breadcrumb":{"@id":"https:\/\/radime.it\/radime\/product\/longines-legend-diver-no-date-ref-l3-674-4-56-3\/#breadcrumb"},"inLanguage":"it-IT","potentialAction":[{"@type":"ReadAction","target":["https:\/\/radime.it\/radime\/product\/longines-legend-diver-no-date-ref-l3-674-4-56-3\/"]}]},{"@type":"BreadcrumbList","@id":"https:\/\/radime.it\/radime\/product\/longines-legend-diver-no-date-ref-l3-674-4-56-3\/#breadcrumb","itemListElement":[{"@type":"ListItem","position":1,"name":"Home","item":"https:\/\/radime.it\/radime\/"},{"@type":"ListItem","position":2,"name":"Orologi","item":"https:\/\/radime.it\/radime\/orologi\/"},{"@type":"ListItem","position":3,"name":"Longines Legend Diver NO DATE Ref. L3.674.4.56.3"}]}]}},"_links":{"self":[{"href":"https:\/\/radime.it\/radime\/wp-json\/wp\/v2\/product\/57899"}],"collection":[{"href":"https:\/\/radime.it\/radime\/wp-json\/wp\/v2\/product"}],"about":[{"href":"https:\/\/radime.it\/radime\/wp-json\/wp\/v2\/types\/product"}],"wp:featuredmedia":[{"embeddable":true,"href":"https:\/\/radime.it\/radime\/wp-json\/wp\/v2\/media\/57460"}],"wp:attachment":[{"href":"https:\/\/radime.it\/radime\/wp-json\/wp\/v2\/media?parent=57899"}],"curies":[{"name":"wp","href":"https:\/\/api.w.org\/{rel}","templated":true}]}}