{"id":59390,"date":"2024-06-06T10:03:14","date_gmt":"2024-06-06T08:03:14","guid":{"rendered":"https:\/\/radime.it\/radime\/product\/rolex-datejust-plexy-yellow-gold-36mm-ref-1601\/"},"modified":"2026-04-17T16:22:09","modified_gmt":"2026-04-17T14:22:09","slug":"rolex-datejust-plexy-yellow-gold-36mm-ref-1601","status":"publish","type":"product","link":"https:\/\/radime.it\/radime\/product\/rolex-datejust-plexy-yellow-gold-36mm-ref-1601\/","title":{"rendered":"Rolex<\/br> Datejust Plexy Yellow Gold 36mm <\/br> Ref. 1601"},"content":{"rendered":"<p>Rolex Datejust Ref.1601 cassa in oro giallo 18 Kt da 36 mm con ghiera zigrinata, Vetro plastica e datario a ore 3.<br \/>\nBellissimo quadrante argent\u00e8 con indici a bacchetta applicati in oro giallo, cinturino in coccodrillo marrone, fibbia ardiglione originale Rolex in oro giallo 18kt.<br \/>\nMovimento a carica automatica con cambio della data &#8220;lento&#8221;.<br \/>\nIl bello di questo Datejust \u00e8 che, tra produzione dei modelli con vetro plastica e quella con vetro zaffiro con referenza a 5 cifre, sostanzialmente non ha avuto modifiche molto evidenti, in pratica e\u00b4 sempre lo stesso orologio che per decenni ha avuto un successo mondiale, naturalmente con evoluzioni tecniche che per\u00f2 non ne hanno intaccato l&#8217;esclusivit\u00e0 e la riconoscibilit\u00e0.<br \/>\nNasce nel 1959 con la creazione da parte di Rolex del nuovo calibro 1565 con secondi al centro che verr\u00e0 adottato per i primi modelli Datejust Ref. 1601 in produzione fino al 1977, anno in cui la casa di Ginevra presenta il calibro 3035 con regolazione della data a &#8220;scatto rapido&#8221; montato sui nuovi datejust con referenza a 5 cifre.<br \/>\nOrologio Originale in ogni sua parte, tenuto benissimo negli anni, produzione 1966, appena revisionato.<br \/>\nCompleto di scatola generica e nostra garanzia Ra.Di.Me. su originalit\u00e0 e buon funzionamento.<br \/>\n(No scatola, No garanzia Rolex).<br \/>\nBellissimo vintage da collezione e di facile portabilit\u00e0.<br \/>\nEuro 7350<\/p>\n<p>SPEDIAMO IN TUTTO IL MONDO CON CORRIERE TOTALMENTE ASSICURATO.<br \/>\nACCETTIAMO SOLAMENTE PAGAMENTO SUL NOSTRO CONTO CORRENTE BANCARIO.<br \/>\nLE SPESE DI SPEDIZIONE NON SONO INCLUSE NEL PREZZO DELL&#8217;OROLOGIO.<\/p>\n<p>WE SHIP WORLDWIDE WITH COURIER IN FULLY INSURED.<br \/>\nWE ACCEPT ONLY PAYMENT ON OUR BANK ACCOUNT.<br \/>\nSHIPPING COSTS ARE NOT INCLUDED IN THE PRICE OF WATCH.<\/p>\n<p>CONTATTACI \/ CONTACT US<br \/>\nwww.radime.it<br \/>\ninfo@radime.it<\/p>\n","protected":false},"excerpt":{"rendered":"<p>Rolex Datejust Ref.1601 cassa in oro giallo 18 Kt da 36 mm con ghiera zigrinata, Vetro plastica e datario a ore 3. Bellissimo quadrante argent\u00e8 con indici a bacchetta applicati in oro giallo, cinturino in coccodrillo marrone, fibbia ardiglione originale Rolex in oro giallo 18kt. Movimento a carica automatica con cambio della data &#8220;lento&#8221;. Il [&hellip;]<\/p>\n","protected":false},"featured_media":59415,"template":"","meta":[],"yoast_head":"<!-- This site is optimized with the Yoast SEO plugin v17.5 - https:\/\/yoast.com\/wordpress\/plugins\/seo\/ -->\n<title>Rolex Datejust Plexy Yellow Gold 36mm  Ref. 1601 - Ra.Di.Me. Orologi di Prestigio di Raffaele di Meola Treviso<\/title>\n<meta name=\"robots\" content=\"index, follow, max-snippet:-1, max-image-preview:large, max-video-preview:-1\" \/>\n<link rel=\"canonical\" href=\"https:\/\/radime.it\/radime\/product\/rolex-datejust-plexy-yellow-gold-36mm-ref-1601\/\" \/>\n<meta property=\"og:locale\" content=\"it_IT\" \/>\n<meta property=\"og:type\" content=\"article\" \/>\n<meta property=\"og:title\" content=\"Rolex Datejust Plexy Yellow Gold 36mm  Ref. 1601 - Ra.Di.Me. Orologi di Prestigio di Raffaele di Meola Treviso\" \/>\n<meta property=\"og:description\" content=\"Rolex Datejust Ref.1601 cassa in oro giallo 18 Kt da 36 mm con ghiera zigrinata, Vetro plastica e datario a ore 3. Bellissimo quadrante argent\u00e8 con indici a bacchetta applicati in oro giallo, cinturino in coccodrillo marrone, fibbia ardiglione originale Rolex in oro giallo 18kt. Movimento a carica automatica con cambio della data &#8220;lento&#8221;. Il [&hellip;]\" \/>\n<meta property=\"og:url\" content=\"https:\/\/radime.it\/radime\/product\/rolex-datejust-plexy-yellow-gold-36mm-ref-1601\/\" \/>\n<meta property=\"og:site_name\" content=\"Ra.Di.Me. Orologi di Prestigio di Raffaele di Meola Treviso\" \/>\n<meta property=\"article:modified_time\" content=\"2026-04-17T14:22:09+00:00\" \/>\n<meta property=\"og:image\" content=\"https:\/\/radime.it\/radime\/wp-content\/uploads\/2023\/07\/IMG_1877-scaled.jpg\" \/>\n\t<meta property=\"og:image:width\" content=\"1920\" \/>\n\t<meta property=\"og:image:height\" content=\"2560\" \/>\n<meta name=\"twitter:card\" content=\"summary_large_image\" \/>\n<meta name=\"twitter:label1\" content=\"Tempo di lettura stimato\" \/>\n\t<meta name=\"twitter:data1\" content=\"1 minuto\" \/>\n<script type=\"application\/ld+json\" class=\"yoast-schema-graph\">{\"@context\":\"https:\/\/schema.org\",\"@graph\":[{\"@type\":\"Organization\",\"@id\":\"https:\/\/radime.it\/radime\/#organization\",\"name\":\"Ra.Di.Me\",\"url\":\"https:\/\/radime.it\/radime\/\",\"sameAs\":[],\"logo\":{\"@type\":\"ImageObject\",\"@id\":\"https:\/\/radime.it\/radime\/#logo\",\"inLanguage\":\"it-IT\",\"url\":\"https:\/\/radime.it\/radime\/wp-content\/uploads\/2019\/06\/logo.png\",\"contentUrl\":\"https:\/\/radime.it\/radime\/wp-content\/uploads\/2019\/06\/logo.png\",\"width\":394,\"height\":345,\"caption\":\"Ra.Di.Me\"},\"image\":{\"@id\":\"https:\/\/radime.it\/radime\/#logo\"}},{\"@type\":\"WebSite\",\"@id\":\"https:\/\/radime.it\/radime\/#website\",\"url\":\"https:\/\/radime.it\/radime\/\",\"name\":\"Ra.Di.Me. Orologi di Prestigio di Raffaele di Meola Treviso\",\"description\":\"\",\"publisher\":{\"@id\":\"https:\/\/radime.it\/radime\/#organization\"},\"potentialAction\":[{\"@type\":\"SearchAction\",\"target\":{\"@type\":\"EntryPoint\",\"urlTemplate\":\"https:\/\/radime.it\/radime\/?s={search_term_string}\"},\"query-input\":\"required name=search_term_string\"}],\"inLanguage\":\"it-IT\"},{\"@type\":\"ImageObject\",\"@id\":\"https:\/\/radime.it\/radime\/product\/rolex-datejust-plexy-yellow-gold-36mm-ref-1601\/#primaryimage\",\"inLanguage\":\"it-IT\",\"url\":\"https:\/\/radime.it\/radime\/wp-content\/uploads\/2023\/07\/IMG_1877-scaled.jpg\",\"contentUrl\":\"https:\/\/radime.it\/radime\/wp-content\/uploads\/2023\/07\/IMG_1877-scaled.jpg\",\"width\":1920,\"height\":2560},{\"@type\":\"WebPage\",\"@id\":\"https:\/\/radime.it\/radime\/product\/rolex-datejust-plexy-yellow-gold-36mm-ref-1601\/#webpage\",\"url\":\"https:\/\/radime.it\/radime\/product\/rolex-datejust-plexy-yellow-gold-36mm-ref-1601\/\",\"name\":\"Rolex Datejust Plexy Yellow Gold 36mm Ref. 1601 - Ra.Di.Me. Orologi di Prestigio di Raffaele di Meola Treviso\",\"isPartOf\":{\"@id\":\"https:\/\/radime.it\/radime\/#website\"},\"primaryImageOfPage\":{\"@id\":\"https:\/\/radime.it\/radime\/product\/rolex-datejust-plexy-yellow-gold-36mm-ref-1601\/#primaryimage\"},\"datePublished\":\"2024-06-06T08:03:14+00:00\",\"dateModified\":\"2026-04-17T14:22:09+00:00\",\"breadcrumb\":{\"@id\":\"https:\/\/radime.it\/radime\/product\/rolex-datejust-plexy-yellow-gold-36mm-ref-1601\/#breadcrumb\"},\"inLanguage\":\"it-IT\",\"potentialAction\":[{\"@type\":\"ReadAction\",\"target\":[\"https:\/\/radime.it\/radime\/product\/rolex-datejust-plexy-yellow-gold-36mm-ref-1601\/\"]}]},{\"@type\":\"BreadcrumbList\",\"@id\":\"https:\/\/radime.it\/radime\/product\/rolex-datejust-plexy-yellow-gold-36mm-ref-1601\/#breadcrumb\",\"itemListElement\":[{\"@type\":\"ListItem\",\"position\":1,\"name\":\"Home\",\"item\":\"https:\/\/radime.it\/radime\/\"},{\"@type\":\"ListItem\",\"position\":2,\"name\":\"Orologi\",\"item\":\"https:\/\/radime.it\/radime\/orologi\/\"},{\"@type\":\"ListItem\",\"position\":3,\"name\":\"Rolex Datejust Plexy Yellow Gold 36mm Ref. 1601\"}]}]}<\/script>\n<!-- \/ Yoast SEO plugin. -->","yoast_head_json":{"title":"Rolex Datejust Plexy Yellow Gold 36mm  Ref. 1601 - Ra.Di.Me. Orologi di Prestigio di Raffaele di Meola Treviso","robots":{"index":"index","follow":"follow","max-snippet":"max-snippet:-1","max-image-preview":"max-image-preview:large","max-video-preview":"max-video-preview:-1"},"canonical":"https:\/\/radime.it\/radime\/product\/rolex-datejust-plexy-yellow-gold-36mm-ref-1601\/","og_locale":"it_IT","og_type":"article","og_title":"Rolex Datejust Plexy Yellow Gold 36mm  Ref. 1601 - Ra.Di.Me. Orologi di Prestigio di Raffaele di Meola Treviso","og_description":"Rolex Datejust Ref.1601 cassa in oro giallo 18 Kt da 36 mm con ghiera zigrinata, Vetro plastica e datario a ore 3. Bellissimo quadrante argent\u00e8 con indici a bacchetta applicati in oro giallo, cinturino in coccodrillo marrone, fibbia ardiglione originale Rolex in oro giallo 18kt. Movimento a carica automatica con cambio della data &#8220;lento&#8221;. Il [&hellip;]","og_url":"https:\/\/radime.it\/radime\/product\/rolex-datejust-plexy-yellow-gold-36mm-ref-1601\/","og_site_name":"Ra.Di.Me. Orologi di Prestigio di Raffaele di Meola Treviso","article_modified_time":"2026-04-17T14:22:09+00:00","og_image":[{"width":1920,"height":2560,"url":"https:\/\/radime.it\/radime\/wp-content\/uploads\/2023\/07\/IMG_1877-scaled.jpg","type":"image\/jpeg"}],"twitter_card":"summary_large_image","twitter_misc":{"Tempo di lettura stimato":"1 minuto"},"schema":{"@context":"https:\/\/schema.org","@graph":[{"@type":"Organization","@id":"https:\/\/radime.it\/radime\/#organization","name":"Ra.Di.Me","url":"https:\/\/radime.it\/radime\/","sameAs":[],"logo":{"@type":"ImageObject","@id":"https:\/\/radime.it\/radime\/#logo","inLanguage":"it-IT","url":"https:\/\/radime.it\/radime\/wp-content\/uploads\/2019\/06\/logo.png","contentUrl":"https:\/\/radime.it\/radime\/wp-content\/uploads\/2019\/06\/logo.png","width":394,"height":345,"caption":"Ra.Di.Me"},"image":{"@id":"https:\/\/radime.it\/radime\/#logo"}},{"@type":"WebSite","@id":"https:\/\/radime.it\/radime\/#website","url":"https:\/\/radime.it\/radime\/","name":"Ra.Di.Me. Orologi di Prestigio di Raffaele di Meola Treviso","description":"","publisher":{"@id":"https:\/\/radime.it\/radime\/#organization"},"potentialAction":[{"@type":"SearchAction","target":{"@type":"EntryPoint","urlTemplate":"https:\/\/radime.it\/radime\/?s={search_term_string}"},"query-input":"required name=search_term_string"}],"inLanguage":"it-IT"},{"@type":"ImageObject","@id":"https:\/\/radime.it\/radime\/product\/rolex-datejust-plexy-yellow-gold-36mm-ref-1601\/#primaryimage","inLanguage":"it-IT","url":"https:\/\/radime.it\/radime\/wp-content\/uploads\/2023\/07\/IMG_1877-scaled.jpg","contentUrl":"https:\/\/radime.it\/radime\/wp-content\/uploads\/2023\/07\/IMG_1877-scaled.jpg","width":1920,"height":2560},{"@type":"WebPage","@id":"https:\/\/radime.it\/radime\/product\/rolex-datejust-plexy-yellow-gold-36mm-ref-1601\/#webpage","url":"https:\/\/radime.it\/radime\/product\/rolex-datejust-plexy-yellow-gold-36mm-ref-1601\/","name":"Rolex Datejust Plexy Yellow Gold 36mm Ref. 1601 - Ra.Di.Me. Orologi di Prestigio di Raffaele di Meola Treviso","isPartOf":{"@id":"https:\/\/radime.it\/radime\/#website"},"primaryImageOfPage":{"@id":"https:\/\/radime.it\/radime\/product\/rolex-datejust-plexy-yellow-gold-36mm-ref-1601\/#primaryimage"},"datePublished":"2024-06-06T08:03:14+00:00","dateModified":"2026-04-17T14:22:09+00:00","breadcrumb":{"@id":"https:\/\/radime.it\/radime\/product\/rolex-datejust-plexy-yellow-gold-36mm-ref-1601\/#breadcrumb"},"inLanguage":"it-IT","potentialAction":[{"@type":"ReadAction","target":["https:\/\/radime.it\/radime\/product\/rolex-datejust-plexy-yellow-gold-36mm-ref-1601\/"]}]},{"@type":"BreadcrumbList","@id":"https:\/\/radime.it\/radime\/product\/rolex-datejust-plexy-yellow-gold-36mm-ref-1601\/#breadcrumb","itemListElement":[{"@type":"ListItem","position":1,"name":"Home","item":"https:\/\/radime.it\/radime\/"},{"@type":"ListItem","position":2,"name":"Orologi","item":"https:\/\/radime.it\/radime\/orologi\/"},{"@type":"ListItem","position":3,"name":"Rolex Datejust Plexy Yellow Gold 36mm Ref. 1601"}]}]}},"_links":{"self":[{"href":"https:\/\/radime.it\/radime\/wp-json\/wp\/v2\/product\/59390"}],"collection":[{"href":"https:\/\/radime.it\/radime\/wp-json\/wp\/v2\/product"}],"about":[{"href":"https:\/\/radime.it\/radime\/wp-json\/wp\/v2\/types\/product"}],"wp:featuredmedia":[{"embeddable":true,"href":"https:\/\/radime.it\/radime\/wp-json\/wp\/v2\/media\/59415"}],"wp:attachment":[{"href":"https:\/\/radime.it\/radime\/wp-json\/wp\/v2\/media?parent=59390"}],"curies":[{"name":"wp","href":"https:\/\/api.w.org\/{rel}","templated":true}]}}